{"id":290,"date":"2017-06-21T04:59:10","date_gmt":"2017-06-21T04:59:10","guid":{"rendered":"http:\/\/smartdata.tonytemplates.com\/cleaning-service\/?page_id=290"},"modified":"2021-06-03T19:17:54","modified_gmt":"2021-06-03T19:17:54","slug":"meista","status":"publish","type":"page","link":"https:\/\/asanpalvelut.fi\/yrityssiivous\/meista\/","title":{"rendered":"Tietoa meist\u00e4"},"content":{"rendered":"<p>[vc_row css=&#8221;.vc_custom_1517547723395{margin-top: -25px !important;}&#8221;][vc_column][vc_column_text]<\/p>\n<h1 class=\"text-center h-decor\">Tietoja yrityksest\u00e4<\/h1>\n<div class=\"text-center max-700\">\n<p class=\"p-lg\">Siivous voi olla ty\u00f6l\u00e4st\u00e4, ja tied\u00e4mme, ett\u00e4 sinulla on monia valintoja harkitessasi kattavan, laadukkaan ja luotettavan siivouspalvelun vuokraamista.<\/p>\n<\/div>\n<p>[\/vc_column_text][\/vc_column][\/vc_row][vc_row full_width=&#8221;stretch_row_content_no_spaces&#8221;][vc_column][vc_raw_html]JTNDZGl2JTIwY2xhc3MlM0QlMjJyb3ctZmxleC10ZXh0JTIyJTNFJTBBJTNDZGl2JTIwY2xhc3MlM0QlMjJjb2wtNTAlMjBiZy1jb3ZlciUyMGhpZGUtYmctc20lMjIlMjBzdHlsZSUzRCUyMmJhY2tncm91bmQtaW1hZ2UlM0ElMjB1cmwlMjglMjdodHRwJTNBJTJGJTJGc21hcnRkYXRhLnRvbnl0ZW1wbGF0ZXMuY29tJTJGY2xlYW5pbmctc2VydmljZSUyRmRlbW8yJTJGd3AtY29udGVudCUyRnVwbG9hZHMlMkZzaXRlcyUyRjUlMkYyMDE5JTJGMDIlMkZhYm91dC1wYWdlLWltZy0xLmpwZyUyNyUyOSUzQiUyMiUyMGRhdGEtYmclM0QlMjJodHRwJTNBJTJGJTJGc21hcnRkYXRhLnRvbnl0ZW1wbGF0ZXMuY29tJTJGY2xlYW5pbmctc2VydmljZSUyRmRlbW8yJTJGd3AtY29udGVudCUyRnVwbG9hZHMlMkZzaXRlcyUyRjMlMkYyMDE5JTJGMDElMkZhYm91dC1wYWdlLWltZy0xLmpwZyUyMiUzRSUwQSUzQ2RpdiUyMGNsYXNzJTNEJTIydmlzaWJsZS1zbSUyMHZpc2libGUteHMlMjIlM0UlM0NpbWclMjBjbGFzcyUzRCUyMmltZy1mdWxsd2lkdGglMjIlMjBzcmMlM0QlMjJodHRwJTNBJTJGJTJGc21hcnRkYXRhLnRvbnl0ZW1wbGF0ZXMuY29tJTJGY2xlYW5pbmctc2VydmljZSUyRmRlbW8yJTJGd3AtY29udGVudCUyRnVwbG9hZHMlMkZzaXRlcyUyRjUlMkYyMDE5JTJGMDIlMkZhYm91dC1wYWdlLWltZy0xLmpwZyUyMiUyMGFsdCUzRCUyMkFib3V0JTIwVXMlMjIlMjAlMkYlM0UlM0MlMkZkaXYlM0UlMEElM0MlMkZkaXYlM0UlMEElM0NkaXYlMjBjbGFzcyUzRCUyMmNvbC01MCUyMGJnLXRleHQlMjIlM0UlMEElM0NkaXYlMjBjbGFzcyUzRCUyMmJnLXRleHQtaW5zaWRlJTIyJTNFJTBBJTNDaDQlM0VZbGklMjAxMCUyMHZ1b2RlbiUyMHNpaXZvdXNhbGFuJTIwa29rZW11a3NpYSUzQyUyRmg0JTNFJTBBJTBBQXNhbiUyMFBhbHZlbHV0JTIwb24lMjB0JUMzJUE0eXNpbiUyMGludGVncm9pdHUlMjB0YWxvbnB1aGRpc3R1c3BhbHZlbHV5cml0eXMlMkMlMjBqb2thJTIwdGFyam9hYSUyMGthdHRhdmlhJTJDJTIwa29ya2VhbGFhdHVpc2lhJTJDJTIwbHVvdGV0dGF2aWElMjBwdWhkaXN0dXNyYXRrYWlzdWphJTIwbGlpa2UtJTJDJTIweXJpdHlzLSUyQyUyMHRlb2xsaXN1dXMtJTIwamElMjBrb3RpdGFsb3VzYXNpYWtrYWlsbGUuJTBBJTNDJTJGcCUzRSUwQSUwQUh1b2xlbGxpbmVuJTIwam9odGFtaXNlbW1lJTIwamElMjB0eSVDMyVCNm1vcmFhbGltbWUlMjBvdmF0JTIwa2Vza2Vpc2klQzMlQTQlMjBzaWl2b3VzeWh0aSVDMyVCNm4lMjBwYWx2ZWx1bGlpa2V0b2ltaW5uYW4lMjBmaWxvc29maWFzc2ElMjBqYSUyMHJhdGthaXNldmFuJTIwdCVDMyVBNHJrZWl0JUMzJUE0JTIwam9oZG9ubXVrYWlzdGVuJTJDJTIwbGFhZHVra2FpZGVuJTIwc2lpdm91c3BhbHZlbHVpZGVuJTIwdG9pbWl0dGFtaXNlc3NhLiUyME9sZW1tZSUyMHlscGVpdCVDMyVBNCUyMHNpaXQlQzMlQTQlMkMlMjBldHQlQzMlQTQlMjBzYWFtbWUlMjBqb2hkb3N0YW1tZSUyMHZhc3R1dWxsaXNlbiUyMGFzaWFra2FhbGxlJTIwc3VvcmFuJTIwcCVDMyVBNCVDMyVBNHN5biUyMGphJTIwdnVvcm92YWlrdXR1a3NlbiUyMGthdXR0YSUyMHRvaW1pdHVzam9odGFqYW4lMjBrYW5zc2EuJTBBJTBBJTNDJTJGZGl2JTNFJTBBJTNDJTJGZGl2JTNFJTBBJTNDJTJGZGl2JTNF[\/vc_raw_html][\/vc_column][\/vc_row][vc_row full_width=&#8221;stretch_row_content_no_spaces&#8221; disable_element=&#8221;yes&#8221; css=&#8221;.vc_custom_1549515623982{background-color: #f6f6f7 !important;}&#8221; el_class=&#8221;about-top-txt row-flex-text&#8221;][vc_column width=&#8221;1\/2&#8243;][vc_single_image image=&#8221;1409&#8243; img_size=&#8221;full&#8221; css=&#8221;.vc_custom_1622747247116{margin-bottom: 0px !important;}&#8221;][\/vc_column][vc_column width=&#8221;1\/2&#8243; el_class=&#8221;bg-text&#8221;][vc_column_text el_class=&#8221;col-50 ab-pages&#8221; css=&#8221;.vc_custom_1619948405491{margin-bottom: 0px !important;}&#8221;]<\/p>\n<div class=\"bg-text-inside\">\n<h3>Yli 10 vuoden siivousalan kokemuksia<\/h3>\n<p>Asan Palvelut on t\u00e4ysin integroitu talonpuhdistuspalveluyritys, joka tarjoaa kattavia, korkealaatuisia, luotettavia puhdistusratkaisuja liike-, yritys-, teollisuus- ja kotitalousasiakkaille.<\/p>\n<p>Huolellinen johtamisemme ja ty\u00f6moraalimme ovat keskeisi\u00e4 siivousyhti\u00f6n palveluliiketoiminnan filosofiassa ja ratkaisevan t\u00e4rkeit\u00e4 johdonmukaisten, laadukkaiden siivouspalveluiden toimittamisessa. Olemme ylpeit\u00e4 siit\u00e4, ett\u00e4 saamme johdostamme vastuullisen asiakkaalle suoran p\u00e4\u00e4syn ja vuorovaikutuksen kautta toimitusjohtajan kanssa.<\/p>\n<\/div>\n<p>[\/vc_column_text][\/vc_column][\/vc_row][vc_row][vc_column][vc_empty_space height=&#8221;50px&#8221;]<div class=\"row\">        <div class=\"col-sm-6 col-xs-12\">\n                        <div class=\"text-icon-hor\">\n                <div class=\"text-icon-hor-icon\">\n                    <i class=\"icon icon-target-lined\"><\/i>\n                <\/div>\n                <div class=\"text-icon-hor-text\">\n                    <h3>Teht\u00e4v\u00e4mme<\/h3>\n                    Tavoitteena olla kansallinen markkinajohtaja siivouspalveluiden tuotannossa ja toimittaa asiakkaillemme luotettavia, laadukkaita ja kustannustehokkaita puhdistusratkaisuja                                    <\/div>\n            <\/div>\n                    <\/div>\n                <div class=\"col-sm-6 col-xs-12\">\n                        <div class=\"text-icon-hor\">\n                <div class=\"text-icon-hor-icon\">\n                    <i class=\"icon icon-brush-lined\"><\/i>\n                <\/div>\n                <div class=\"text-icon-hor-text\">\n                    <h3>N\u00e4kemyksemme<\/h3>\n                    Meill\u00e4 on yli 5 toimipistett\u00e4 Suomessa. Ne kaikki ovat sitoutuneet samoihin yhteisiin arvoihin ja periaatteisiin.\u00a0                                    <\/div>\n            <\/div>\n                    <\/div>\n        <\/div>[vc_empty_space height=&#8221;100px&#8221;][\/vc_column][\/vc_row][vc_row][vc_column][vc_column_text]<\/p>\n<h1 class=\"text-center h-decor\">Arvostamme<\/h1>\n<div class=\"text-center max-700\">\n<p class=\"p-lg\">Tavoitteenamme on sinun tyytyv\u00e4isyytesi (tietysti siivousty\u00f6mme j\u00e4lkeen). Sivustomme asiakaspalvelu toimii ymp\u00e4ri vuorokauden (24\/7).<\/p>\n<\/div>\n<p>[\/vc_column_text][vc_row_inner el_class=&#8221;value-area&#8221;][vc_column_inner width=&#8221;1\/2&#8243;][vc_single_image image=&#8221;1593&#8243; img_size=&#8221;full&#8221;][\/vc_column_inner][vc_column_inner width=&#8221;1\/2&#8243;][vc_column_text]<\/p>\n<div class=\"marker-box\">\n<div class=\"marker-box-marker\"><\/div>\n<h4 class=\"marker-box-title\">Asiakasl\u00e4ht\u00f6inen<\/h4>\n<p>Palvelemme asiakkaitamme ik\u00e4\u00e4n kuin palvelisimme itse\u00e4mme.\u00a0Arvostamme heid\u00e4n palautettaan ja k\u00e4yt\u00e4mme sit\u00e4 parantamaan ty\u00f6t\u00e4mme.<\/p>\n<\/div>\n<div class=\"marker-box\">\n<div class=\"marker-box-marker\"><\/div>\n<h4 class=\"marker-box-title\">Ymp\u00e4rist\u00f6yst\u00e4v\u00e4llinen<\/h4>\n<p>Valitsemme huolellisesti parhaat ja luonnollisimmat puhdistusaineet, jotka antavat uskomattomia tuloksia.<\/p>\n<p><span style=\"color: #4b5b68; font-size: 22px; font-weight: 600;\">Laajentuminen \/ kasvu<\/span><\/p>\n<\/div>\n<div class=\"marker-box hidden-md\">\n<p>Teemme itsemme tunnetuksi yhteis\u00f6ss\u00e4;\u00a0Luomme pitk\u00e4aikaisia \u200b\u200bsuhteita ja laajenemme jatkuvasti.\u00a0Siksi tuomme aina enemm\u00e4n ihmisi\u00e4 t\u00f6ihin.<\/p>\n<p>&nbsp;<\/p>\n<\/div>\n<p>[\/vc_column_text][\/vc_column_inner][\/vc_row_inner][\/vc_column][\/vc_row][vc_row css=&#8221;.vc_custom_1498114056290{padding-top: 80px !important;}&#8221;][vc_column][vc_column_text css=&#8221;.vc_custom_1619948095236{margin-bottom: 0px !important;}&#8221;]<\/p>\n<div class=\"text-center\">\n<h1 class=\"h-decor\">Yrityksemme historia<\/h1>\n<div class=\"text-center\">\n<h4>Talojen ja toimistojen siivouspalveluiden tarjoaminen yli 5 vuoden ajan<\/h4>\n<\/div>\n<\/div>\n<div class=\"divider\"><\/div>\n<p>[\/vc_column_text][vc_column_text css=&#8221;.vc_custom_1619948120832{margin-bottom: 0px !important;}&#8221;]<\/p>\n<div class=\"text-center max-900\">\n<p class=\"p-lg\">Siivousyhti\u00f6 on laajalti tunnustettu sitoutumisestamme palvella asiakkaitamme samalla kun pid\u00e4mme ymp\u00e4rist\u00f6yst\u00e4v\u00e4llist\u00e4.\u00a0Meill\u00e4 on ollut huippuosaamista ja omistautumista asiakkaillemme tarjoamalla ammattitaitoisia ja laadukkaita talon siivouspalveluita ymp\u00e4ri Suomea.<\/p>\n<\/div>\n<p>[\/vc_column_text][vc_column_text css=&#8221;.vc_custom_1619948180600{margin-top: 38px !important;margin-bottom: 0px !important;}&#8221;]<\/p>\n<p class=\"info\"><i class=\"icon-write\"><\/i>Asan palvelut Oy aloitettiin vuonna 2020 ja on kasvanut yli 5 toimipisteeseen Suomessa.<\/p>\n<p>[\/vc_column_text][\/vc_column][\/vc_row][vc_row el_class=&#8221;block&#8221;][vc_column width=&#8221;1\/3&#8243;][vc_column_text css=&#8221;.vc_custom_1622747783537{margin-bottom: 0px !important;}&#8221;]<\/p>\n<p class=\"p-lg\">Olemme tunnettuja sitoutumisesta palvella asiakkaitamme samalla kun olemme ymp\u00e4rist\u00f6yst\u00e4v\u00e4llisi\u00e4. Meill\u00e4 on ollut huippuosaamista ja omistautumista asiakkaillemme tarjoamalla ammattitaitoisia ja laadukkaita siivouspalveluita.<\/p>\n<p>[\/vc_column_text][\/vc_column][vc_column width=&#8221;1\/3&#8243;][vc_column_text]<\/p>\n<p class=\"p-lg\">T\u00e4m\u00e4 laadukas sitoutuminen ja maine erinomaisesta palvelusta houkutteli ulkopuolisia sijoittajia. Meill\u00e4 on suuria yrityksi\u00e4 asiakkaana ja kertovat kuinka tehokasta ty\u00f6t\u00e4 teemme.<\/p>\n<p>[\/vc_column_text][\/vc_column][vc_column width=&#8221;1\/3&#8243;][vc_column_text]<\/p>\n<p class=\"p-lg\">The management team did not change and Steve continued on in his leadership position with the Board of Directors. We are excited to announce a new era of growth for both new and existing units under the guidance of PNC.<\/p>\n<p>[\/vc_column_text][\/vc_column][\/vc_row][vc_row el_class=&#8221;block&#8221;][vc_column width=&#8221;1\/2&#8243;][vc_column_text css=&#8221;.vc_custom_1619948270291{margin-bottom: 0px !important;}&#8221;]<\/p>\n<h2>Tyytyv\u00e4isyystakuu!<\/h2>\n<p class=\"p-lg\">Asan palvelun asiantuntijat ovat sitoutuneet tarjoamaan asiakkailleen kattavia talon siivouspalveluja valtakunnallisesti.<\/p>\n<p>Jos et ole tyytyv\u00e4inen mihink\u00e4\u00e4n puhdistamaamme alueeseen, soita vain 24 tunnin sis\u00e4ll\u00e4, niin palaamme takaisin ja siivoamme sen ilmaiseksi.\u00a0T\u00e4m\u00e4 tekee siivousyhti\u00f6n palkkaamisesta k\u00e4yt\u00e4nn\u00f6ss\u00e4 riskitt\u00f6m\u00e4n.\u00a0[\/vc_column_text][\/vc_column][vc_column width=&#8221;1\/2&#8243;][vc_column_text css=&#8221;.vc_custom_1622747414488{margin-bottom: 0px !important;}&#8221;]<\/p>\n<div class=\"img-with-shtamp\">\n<div class=\"shtamp\"><img src=\"https:\/\/i2.wp.com\/asanpalvelut.fi\/yrityssiivous\/wp-content\/uploads\/2019\/02\/shtamp.png?w=640&#038;ssl=1\" alt=\"\" data-recalc-dims=\"1\" \/><\/div>\n<p><a href=\"https:\/\/i2.wp.com\/asanpalvelut.fi\/yrityssiivous\/wp-content\/uploads\/2021\/06\/colorful-composition-with-mop-sponges-rags-gloves-detergents-general-cleaning-cleaning-service-concept-background_169016-10763.jpeg?ssl=1\"><img loading=\"lazy\" class=\"alignnone wp-image-1843\" src=\"https:\/\/i2.wp.com\/asanpalvelut.fi\/yrityssiivous\/wp-content\/uploads\/2021\/06\/colorful-composition-with-mop-sponges-rags-gloves-detergents-general-cleaning-cleaning-service-concept-background_169016-10763.jpeg?resize=559%2C386&#038;ssl=1\" alt=\"\" width=\"559\" height=\"386\" srcset=\"https:\/\/i2.wp.com\/asanpalvelut.fi\/yrityssiivous\/wp-content\/uploads\/2021\/06\/colorful-composition-with-mop-sponges-rags-gloves-detergents-general-cleaning-cleaning-service-concept-background_169016-10763.jpeg?resize=300%2C207&amp;ssl=1 300w, https:\/\/i2.wp.com\/asanpalvelut.fi\/yrityssiivous\/wp-content\/uploads\/2021\/06\/colorful-composition-with-mop-sponges-rags-gloves-detergents-general-cleaning-cleaning-service-concept-background_169016-10763.jpeg?resize=600%2C413&amp;ssl=1 600w, https:\/\/i2.wp.com\/asanpalvelut.fi\/yrityssiivous\/wp-content\/uploads\/2021\/06\/colorful-composition-with-mop-sponges-rags-gloves-detergents-general-cleaning-cleaning-service-concept-background_169016-10763.jpeg?w=626&amp;ssl=1 626w\" sizes=\"(max-width: 559px) 100vw, 559px\" data-recalc-dims=\"1\" \/><\/a><\/p>\n<\/div>\n<p>[\/vc_column_text][\/vc_column][\/vc_row][vc_row][vc_column][vc_column_text css=&#8221;.vc_custom_1619948317994{margin-bottom: 0px !important;}&#8221;]<\/p>\n<h2 class=\"text-center h-lg h-decor\">Miksi palkata meid\u00e4t?<\/h2>\n<div class=\"text-center max-800\">\n<p class=\"p-lg\">Valitse meid\u00e4t erinomaisuuden maineemme vuoksi. Olemme ansainneet yli 5 vuoden ajan nimen laadusta ja asiakaspalvelusta.<\/p>\n<\/div>\n<p>[\/vc_column_text][\/vc_column][\/vc_row]<\/p>\n","protected":false},"excerpt":{"rendered":"<p>[vc_row css=&#8221;.vc_custom_1517547723395{margin-top: -25px !important;}&#8221;][vc_column][vc_column_text] Tietoja yrityksest\u00e4 Siivous voi olla ty\u00f6l\u00e4st\u00e4, ja tied\u00e4mme, ett\u00e4 sinulla on monia valintoja harkitessasi kattavan, laadukkaan ja luotettavan siivouspalvelun vuokraamista. [\/vc_column_text][\/vc_column][\/vc_row][vc_row full_width=&#8221;stretch_row_content_no_spaces&#8221;][vc_column][vc_raw_html]JTNDZGl2JTIwY2xhc3MlM0QlMjJyb3ctZmxleC10ZXh0JTIyJTNFJTBBJTNDZGl2JTIwY2xhc3MlM0QlMjJjb2wtNTAlMjBiZy1jb3ZlciUyMGhpZGUtYmctc20lMjIlMjBzdHlsZSUzRCUyMmJhY2tncm91bmQtaW1hZ2UlM0ElMjB1cmwlMjglMjdodHRwJTNBJTJGJTJGc21hcnRkYXRhLnRvbnl0ZW1wbGF0ZXMuY29tJTJGY2xlYW5pbmctc2VydmljZSUyRmRlbW8yJTJGd3AtY29udGVudCUyRnVwbG9hZHMlMkZzaXRlcyUyRjUlMkYyMDE5JTJGMDIlMkZhYm91dC1wYWdlLWltZy0xLmpwZyUyNyUyOSUzQiUyMiUyMGRhdGEtYmclM0QlMjJodHRwJTNBJTJGJTJGc21hcnRkYXRhLnRvbnl0ZW1wbGF0ZXMuY29tJTJGY2xlYW5pbmctc2VydmljZSUyRmRlbW8yJTJGd3AtY29udGVudCUyRnVwbG9hZHMlMkZzaXRlcyUyRjMlMkYyMDE5JTJGMDElMkZhYm91dC1wYWdlLWltZy0xLmpwZyUyMiUzRSUwQSUzQ2RpdiUyMGNsYXNzJTNEJTIydmlzaWJsZS1zbSUyMHZpc2libGUteHMlMjIlM0UlM0NpbWclMjBjbGFzcyUzRCUyMmltZy1mdWxsd2lkdGglMjIlMjBzcmMlM0QlMjJodHRwJTNBJTJGJTJGc21hcnRkYXRhLnRvbnl0ZW1wbGF0ZXMuY29tJTJGY2xlYW5pbmctc2VydmljZSUyRmRlbW8yJTJGd3AtY29udGVudCUyRnVwbG9hZHMlMkZzaXRlcyUyRjUlMkYyMDE5JTJGMDIlMkZhYm91dC1wYWdlLWltZy0xLmpwZyUyMiUyMGFsdCUzRCUyMkFib3V0JTIwVXMlMjIlMjAlMkYlM0UlM0MlMkZkaXYlM0UlMEElM0MlMkZkaXYlM0UlMEElM0NkaXYlMjBjbGFzcyUzRCUyMmNvbC01MCUyMGJnLXRleHQlMjIlM0UlMEElM0NkaXYlMjBjbGFzcyUzRCUyMmJnLXRleHQtaW5zaWRlJTIyJTNFJTBBJTNDaDQlM0VZbGklMjAxMCUyMHZ1b2RlbiUyMHNpaXZvdXNhbGFuJTIwa29rZW11a3NpYSUzQyUyRmg0JTNFJTBBJTBBQXNhbiUyMFBhbHZlbHV0JTIwb24lMjB0JUMzJUE0eXNpbiUyMGludGVncm9pdHUlMjB0YWxvbnB1aGRpc3R1c3BhbHZlbHV5cml0eXMlMkMlMjBqb2thJTIwdGFyam9hYSUyMGthdHRhdmlhJTJDJTIwa29ya2VhbGFhdHVpc2lhJTJDJTIwbHVvdGV0dGF2aWElMjBwdWhkaXN0dXNyYXRrYWlzdWphJTIwbGlpa2UtJTJDJTIweXJpdHlzLSUyQyUyMHRlb2xsaXN1dXMtJTIwamElMjBrb3RpdGFsb3VzYXNpYWtrYWlsbGUuJTBBJTNDJTJGcCUzRSUwQSUwQUh1b2xlbGxpbmVuJTIwam9odGFtaXNlbW1lJTIwamElMjB0eSVDMyVCNm1vcmFhbGltbWUlMjBvdmF0JTIwa2Vza2Vpc2klQzMlQTQlMjBzaWl2b3VzeWh0aSVDMyVCNm4lMjBwYWx2ZWx1bGlpa2V0b2ltaW5uYW4lMjBmaWxvc29maWFzc2ElMjBqYSUyMHJhdGthaXNldmFuJTIwdCVDMyVBNHJrZWl0JUMzJUE0JTIwam9oZG9ubXVrYWlzdGVuJTJDJTIwbGFhZHVra2FpZGVuJTIwc2lpdm91c3BhbHZlbHVpZGVuJTIwdG9pbWl0dGFtaXNlc3NhLiUyME9sZW1tZSUyMHlscGVpdCVDMyVBNCUyMHNpaXQlQzMlQTQlMkMlMjBldHQlQzMlQTQlMjBzYWFtbWUlMjBqb2hkb3N0YW1tZSUyMHZhc3R1dWxsaXNlbiUyMGFzaWFra2FhbGxlJTIwc3VvcmFuJTIwcCVDMyVBNCVDMyVBNHN5biUyMGphJTIwdnVvcm92YWlrdXR1a3NlbiUyMGthdXR0YSUyMHRvaW1pdHVzam9odGFqYW4lMjBrYW5zc2EuJTBBJTBBJTNDJTJGZGl2JTNFJTBBJTNDJTJGZGl2JTNFJTBBJTNDJTJGZGl2JTNF[\/vc_raw_html][\/vc_column][\/vc_row][vc_row full_width=&#8221;stretch_row_content_no_spaces&#8221; disable_element=&#8221;yes&#8221; css=&#8221;.vc_custom_1549515623982{background-color: #f6f6f7 !important;}&#8221; el_class=&#8221;about-top-txt row-flex-text&#8221;][vc_column width=&#8221;1\/2&#8243;][vc_single_image image=&#8221;1409&#8243; img_size=&#8221;full&#8221; css=&#8221;.vc_custom_1622747247116{margin-bottom: 0px !important;}&#8221;][\/vc_column][vc_column width=&#8221;1\/2&#8243; el_class=&#8221;bg-text&#8221;][vc_column_text el_class=&#8221;col-50 ab-pages&#8221; css=&#8221;.vc_custom_1619948405491{margin-bottom: 0px !important;}&#8221;] Yli 10 vuoden siivousalan kokemuksia Asan Palvelut on t\u00e4ysin [&hellip;]<\/p>\n","protected":false},"author":1,"featured_media":0,"parent":0,"menu_order":0,"comment_status":"closed","ping_status":"closed","template":"","meta":{"kk_blocks_editor_width":"","_kiokenblocks_attr":"","_kiokenblocks_dimensions":"","spay_email":""},"yoast_head":"<!-- This site is optimized with the Yoast SEO plugin v16.2 - https:\/\/yoast.com\/wordpress\/plugins\/seo\/ -->\n<title>Tietoa meist\u00e4 - Asanpalvelut Oy<\/title>\n<meta name=\"robots\" content=\"index, follow, max-snippet:-1, max-image-preview:large, max-video-preview:-1\" \/>\n<link rel=\"canonical\" href=\"https:\/\/asanpalvelut.fi\/yrityssiivous\/meista\/\" \/>\n<meta property=\"og:locale\" content=\"fi_FI\" \/>\n<meta property=\"og:type\" content=\"article\" \/>\n<meta property=\"og:title\" content=\"Tietoa meist\u00e4 - Asanpalvelut Oy\" \/>\n<meta property=\"og:description\" content=\"[vc_row css=&#8221;.vc_custom_1517547723395{margin-top: -25px !important;}&#8221;][vc_column][vc_column_text] Tietoja yrityksest\u00e4 Siivous voi olla ty\u00f6l\u00e4st\u00e4, ja tied\u00e4mme, ett\u00e4 sinulla on monia valintoja harkitessasi kattavan, laadukkaan ja luotettavan siivouspalvelun vuokraamista. [\/vc_column_text][\/vc_column][\/vc_row][vc_row full_width=&#8221;stretch_row_content_no_spaces&#8221;][vc_column][vc_raw_html]JTNDZGl2JTIwY2xhc3MlM0QlMjJyb3ctZmxleC10ZXh0JTIyJTNFJTBBJTNDZGl2JTIwY2xhc3MlM0QlMjJjb2wtNTAlMjBiZy1jb3ZlciUyMGhpZGUtYmctc20lMjIlMjBzdHlsZSUzRCUyMmJhY2tncm91bmQtaW1hZ2UlM0ElMjB1cmwlMjglMjdodHRwJTNBJTJGJTJGc21hcnRkYXRhLnRvbnl0ZW1wbGF0ZXMuY29tJTJGY2xlYW5pbmctc2VydmljZSUyRmRlbW8yJTJGd3AtY29udGVudCUyRnVwbG9hZHMlMkZzaXRlcyUyRjUlMkYyMDE5JTJGMDIlMkZhYm91dC1wYWdlLWltZy0xLmpwZyUyNyUyOSUzQiUyMiUyMGRhdGEtYmclM0QlMjJodHRwJTNBJTJGJTJGc21hcnRkYXRhLnRvbnl0ZW1wbGF0ZXMuY29tJTJGY2xlYW5pbmctc2VydmljZSUyRmRlbW8yJTJGd3AtY29udGVudCUyRnVwbG9hZHMlMkZzaXRlcyUyRjMlMkYyMDE5JTJGMDElMkZhYm91dC1wYWdlLWltZy0xLmpwZyUyMiUzRSUwQSUzQ2RpdiUyMGNsYXNzJTNEJTIydmlzaWJsZS1zbSUyMHZpc2libGUteHMlMjIlM0UlM0NpbWclMjBjbGFzcyUzRCUyMmltZy1mdWxsd2lkdGglMjIlMjBzcmMlM0QlMjJodHRwJTNBJTJGJTJGc21hcnRkYXRhLnRvbnl0ZW1wbGF0ZXMuY29tJTJGY2xlYW5pbmctc2VydmljZSUyRmRlbW8yJTJGd3AtY29udGVudCUyRnVwbG9hZHMlMkZzaXRlcyUyRjUlMkYyMDE5JTJGMDIlMkZhYm91dC1wYWdlLWltZy0xLmpwZyUyMiUyMGFsdCUzRCUyMkFib3V0JTIwVXMlMjIlMjAlMkYlM0UlM0MlMkZkaXYlM0UlMEElM0MlMkZkaXYlM0UlMEElM0NkaXYlMjBjbGFzcyUzRCUyMmNvbC01MCUyMGJnLXRleHQlMjIlM0UlMEElM0NkaXYlMjBjbGFzcyUzRCUyMmJnLXRleHQtaW5zaWRlJTIyJTNFJTBBJTNDaDQlM0VZbGklMjAxMCUyMHZ1b2RlbiUyMHNpaXZvdXNhbGFuJTIwa29rZW11a3NpYSUzQyUyRmg0JTNFJTBBJTBBQXNhbiUyMFBhbHZlbHV0JTIwb24lMjB0JUMzJUE0eXNpbiUyMGludGVncm9pdHUlMjB0YWxvbnB1aGRpc3R1c3BhbHZlbHV5cml0eXMlMkMlMjBqb2thJTIwdGFyam9hYSUyMGthdHRhdmlhJTJDJTIwa29ya2VhbGFhdHVpc2lhJTJDJTIwbHVvdGV0dGF2aWElMjBwdWhkaXN0dXNyYXRrYWlzdWphJTIwbGlpa2UtJTJDJTIweXJpdHlzLSUyQyUyMHRlb2xsaXN1dXMtJTIwamElMjBrb3RpdGFsb3VzYXNpYWtrYWlsbGUuJTBBJTNDJTJGcCUzRSUwQSUwQUh1b2xlbGxpbmVuJTIwam9odGFtaXNlbW1lJTIwamElMjB0eSVDMyVCNm1vcmFhbGltbWUlMjBvdmF0JTIwa2Vza2Vpc2klQzMlQTQlMjBzaWl2b3VzeWh0aSVDMyVCNm4lMjBwYWx2ZWx1bGlpa2V0b2ltaW5uYW4lMjBmaWxvc29maWFzc2ElMjBqYSUyMHJhdGthaXNldmFuJTIwdCVDMyVBNHJrZWl0JUMzJUE0JTIwam9oZG9ubXVrYWlzdGVuJTJDJTIwbGFhZHVra2FpZGVuJTIwc2lpdm91c3BhbHZlbHVpZGVuJTIwdG9pbWl0dGFtaXNlc3NhLiUyME9sZW1tZSUyMHlscGVpdCVDMyVBNCUyMHNpaXQlQzMlQTQlMkMlMjBldHQlQzMlQTQlMjBzYWFtbWUlMjBqb2hkb3N0YW1tZSUyMHZhc3R1dWxsaXNlbiUyMGFzaWFra2FhbGxlJTIwc3VvcmFuJTIwcCVDMyVBNCVDMyVBNHN5biUyMGphJTIwdnVvcm92YWlrdXR1a3NlbiUyMGthdXR0YSUyMHRvaW1pdHVzam9odGFqYW4lMjBrYW5zc2EuJTBBJTBBJTNDJTJGZGl2JTNFJTBBJTNDJTJGZGl2JTNFJTBBJTNDJTJGZGl2JTNF[\/vc_raw_html][\/vc_column][\/vc_row][vc_row full_width=&#8221;stretch_row_content_no_spaces&#8221; disable_element=&#8221;yes&#8221; css=&#8221;.vc_custom_1549515623982{background-color: #f6f6f7 !important;}&#8221; el_class=&#8221;about-top-txt row-flex-text&#8221;][vc_column width=&#8221;1\/2&#8243;][vc_single_image image=&#8221;1409&#8243; img_size=&#8221;full&#8221; css=&#8221;.vc_custom_1622747247116{margin-bottom: 0px !important;}&#8221;][\/vc_column][vc_column width=&#8221;1\/2&#8243; el_class=&#8221;bg-text&#8221;][vc_column_text el_class=&#8221;col-50 ab-pages&#8221; css=&#8221;.vc_custom_1619948405491{margin-bottom: 0px !important;}&#8221;] Yli 10 vuoden siivousalan kokemuksia Asan Palvelut on t\u00e4ysin [&hellip;]\" \/>\n<meta property=\"og:url\" content=\"https:\/\/asanpalvelut.fi\/yrityssiivous\/meista\/\" \/>\n<meta property=\"og:site_name\" content=\"Asanpalvelut Oy\" \/>\n<meta property=\"article:modified_time\" content=\"2021-06-03T19:17:54+00:00\" \/>\n<meta property=\"og:image\" content=\"https:\/\/asanpalvelut.fi\/yrityssiivous\/wp-content\/uploads\/2019\/02\/shtamp.png\" \/>\n<meta name=\"twitter:card\" content=\"summary_large_image\" \/>\n<meta name=\"twitter:label1\" content=\"Arvioitu lukuaika\">\n\t<meta name=\"twitter:data1\" content=\"3 minuuttia\">\n<script type=\"application\/ld+json\" class=\"yoast-schema-graph\">{\"@context\":\"https:\/\/schema.org\",\"@graph\":[{\"@type\":\"WebSite\",\"@id\":\"https:\/\/asanpalvelut.fi\/yrityssiivous\/#website\",\"url\":\"https:\/\/asanpalvelut.fi\/yrityssiivous\/\",\"name\":\"Asanpalvelut Oy\",\"description\":\"Laadukasta ja luotettavaa siivouspalvelua\",\"potentialAction\":[{\"@type\":\"SearchAction\",\"target\":\"https:\/\/asanpalvelut.fi\/yrityssiivous\/?s={search_term_string}\",\"query-input\":\"required name=search_term_string\"}],\"inLanguage\":\"fi\"},{\"@type\":\"ImageObject\",\"@id\":\"https:\/\/asanpalvelut.fi\/yrityssiivous\/meista\/#primaryimage\",\"inLanguage\":\"fi\",\"url\":\"https:\/\/i2.wp.com\/asanpalvelut.fi\/yrityssiivous\/wp-content\/uploads\/2019\/02\/shtamp.png?fit=153%2C153&ssl=1\",\"contentUrl\":\"https:\/\/i2.wp.com\/asanpalvelut.fi\/yrityssiivous\/wp-content\/uploads\/2019\/02\/shtamp.png?fit=153%2C153&ssl=1\",\"width\":153,\"height\":153},{\"@type\":\"WebPage\",\"@id\":\"https:\/\/asanpalvelut.fi\/yrityssiivous\/meista\/#webpage\",\"url\":\"https:\/\/asanpalvelut.fi\/yrityssiivous\/meista\/\",\"name\":\"Tietoa meist\\u00e4 - Asanpalvelut Oy\",\"isPartOf\":{\"@id\":\"https:\/\/asanpalvelut.fi\/yrityssiivous\/#website\"},\"primaryImageOfPage\":{\"@id\":\"https:\/\/asanpalvelut.fi\/yrityssiivous\/meista\/#primaryimage\"},\"datePublished\":\"2017-06-21T04:59:10+00:00\",\"dateModified\":\"2021-06-03T19:17:54+00:00\",\"breadcrumb\":{\"@id\":\"https:\/\/asanpalvelut.fi\/yrityssiivous\/meista\/#breadcrumb\"},\"inLanguage\":\"fi\",\"potentialAction\":[{\"@type\":\"ReadAction\",\"target\":[\"https:\/\/asanpalvelut.fi\/yrityssiivous\/meista\/\"]}]},{\"@type\":\"BreadcrumbList\",\"@id\":\"https:\/\/asanpalvelut.fi\/yrityssiivous\/meista\/#breadcrumb\",\"itemListElement\":[{\"@type\":\"ListItem\",\"position\":1,\"item\":{\"@type\":\"WebPage\",\"@id\":\"https:\/\/asanpalvelut.fi\/yrityssiivous\/\",\"url\":\"https:\/\/asanpalvelut.fi\/yrityssiivous\/\",\"name\":\"Home\"}},{\"@type\":\"ListItem\",\"position\":2,\"item\":{\"@id\":\"https:\/\/asanpalvelut.fi\/yrityssiivous\/meista\/#webpage\"}}]}]}<\/script>\n<!-- \/ Yoast SEO plugin. -->","jetpack-related-posts":[{"id":1091,"url":"https:\/\/asanpalvelut.fi\/yrityssiivous\/laadukasta-ja-luotettavaa-siivous-ja-muutospalvelua\/","url_meta":{"origin":290,"position":0},"title":"Laadukasta ja luotettavaa siivous- ja muuttopalvelua","date":"14\/06\/2017","format":false,"excerpt":"[vc_row full_width=\"stretch_row_content_no_spaces\" el_class=\"block\" css=\".vc_custom_1624720398814{margin-top: -35px !important;margin-bottom: 0px !important;border-top-width: 0px !important;border-bottom-width: 0px !important;padding-top: 0px !important;padding-bottom: 0px !important;}\"][vc_column][\/vc_column][\/vc_row][vc_row full_width=\"stretch_row_content_no_spaces\" full_height=\"yes\" equal_height=\"yes\" video_bg=\"yes\" video_bg_url=\"https:\/\/youtu.be\/XkagRCnJyV8\" video_bg_parallax=\"content-moving\" el_class=\"block\" css=\".vc_custom_1624711362302{margin-top: -45px !important;margin-bottom: -35px !important;border-top-width: -35px !important;border-bottom-width: 0px !important;padding-top: 0px !important;padding-bottom: 0px !important;background-image: url(https:\/\/asanpalvelut.fi\/yrityssiivous\/wp-content\/uploads\/2021\/05\/f8414b62-4e33-4043-abb7-e7e003e9d0a7.jpg?id=1625) !important;}\"][vc_column][vc_empty_space][\/vc_column][\/vc_row][vc_row full_width=\"stretch_row_content_no_spaces\" css=\".vc_custom_1549514436617{background-image: url(https:\/\/asanpalvelut.fi\/yrityssiivous\/wp-content\/uploads\/2019\/02\/block-bg-1.jpg?id=1190) !important;}\" el_class=\"block\"][vc_column css=\".vc_custom_1548152065497{padding-top: 0px !important;}\"][\/vc_column][\/vc_row][vc_row el_class=\"block row-revert-xs\"][vc_column width=\"5\/12\" css=\".vc_custom_1549106317476{padding-top:\u2026","rel":"","context":"Samankaltainen artikkeli","img":{"alt_text":"","src":"","width":0,"height":0},"classes":[]}],"_links":{"self":[{"href":"https:\/\/asanpalvelut.fi\/yrityssiivous\/wp-json\/wp\/v2\/pages\/290"}],"collection":[{"href":"https:\/\/asanpalvelut.fi\/yrityssiivous\/wp-json\/wp\/v2\/pages"}],"about":[{"href":"https:\/\/asanpalvelut.fi\/yrityssiivous\/wp-json\/wp\/v2\/types\/page"}],"author":[{"embeddable":true,"href":"https:\/\/asanpalvelut.fi\/yrityssiivous\/wp-json\/wp\/v2\/users\/1"}],"replies":[{"embeddable":true,"href":"https:\/\/asanpalvelut.fi\/yrityssiivous\/wp-json\/wp\/v2\/comments?post=290"}],"version-history":[{"count":10,"href":"https:\/\/asanpalvelut.fi\/yrityssiivous\/wp-json\/wp\/v2\/pages\/290\/revisions"}],"predecessor-version":[{"id":1860,"href":"https:\/\/asanpalvelut.fi\/yrityssiivous\/wp-json\/wp\/v2\/pages\/290\/revisions\/1860"}],"wp:attachment":[{"href":"https:\/\/asanpalvelut.fi\/yrityssiivous\/wp-json\/wp\/v2\/media?parent=290"}],"curies":[{"name":"wp","href":"https:\/\/api.w.org\/{rel}","templated":true}]}}