{"id":2141,"date":"2022-03-20T16:27:59","date_gmt":"2022-03-20T16:27:59","guid":{"rendered":"https:\/\/asanpalvelut.fi\/yrityssiivous\/?page_id=2141"},"modified":"2022-04-04T07:29:49","modified_gmt":"2022-04-04T07:29:49","slug":"yrityssiivous","status":"publish","type":"page","link":"https:\/\/asanpalvelut.fi\/yrityssiivous\/","title":{"rendered":"Yrityssiivous"},"content":{"rendered":"<p>[vc_row full_width=&#8221;stretch_row_content_no_spaces&#8221; full_height=&#8221;yes&#8221; equal_height=&#8221;yes&#8221; css=&#8221;.vc_custom_1622833699406{margin-top: -45px !important;margin-bottom: 0px !important;border-top-width: 0px !important;border-bottom-width: 0px !important;padding-top: 0px !important;padding-bottom: 0px !important;}&#8221;][vc_column][layerslider_vc id=&#8221;16&#8243;][\/vc_column][\/vc_row][vc_row full_width=&#8221;stretch_row_content&#8221; full_height=&#8221;yes&#8221;][vc_column width=&#8221;2\/3&#8243;][vc_progress_bar values=&#8221;%5B%7B%22label%22%3A%22Ty%C3%B6n%20saavutus%22%2C%22value%22%3A%22100%22%2C%22color%22%3A%22bar_green%22%7D%2C%7B%22label%22%3A%22Ty%C3%B6ntekij%C3%B6iden%20kehitt%C3%A4minen%22%2C%22value%22%3A%22100%22%2C%22color%22%3A%22bar_blue%22%7D%2C%7B%22label%22%3A%22Tyytyv%C3%A4isyystakuusi%22%2C%22value%22%3A%22100%22%2C%22color%22%3A%22pink%22%7D%5D&#8221; title=&#8221;Meid\u00e4n kanssa&#8221;][vc_column_text]<!--?php echo do_shortcode('[sp_easyaccordion id=\"1912\"]'); ?-->[\/vc_column_text][vc_column_text]<\/p>\n<h1>Tiimimme auttaa sinua<\/h1>\n<p>Asanpalvelut on erikoistuneet s\u00e4\u00e4nn\u00f6llisiin ja kertaluonteisiin siivouspalveluihin Suomessa. Ty\u00f6skentelemme ammattimaisten ja luotettavien siivoojien kanssa jatkuvan mielenrauhan takaamiseksi.<\/p>\n<p>Tiimimme on kokenut, eritt\u00e4in taitava ja tuottaa laadukasta ty\u00f6t\u00e4. Voit j\u00e4tt\u00e4\u00e4 omaisuutesi meille ja olla varma, ett\u00e4 asiantuntijat siivoavat ne, jolloin voit jatkaa kiireisen p\u00e4iv\u00e4n t\u00e4rke\u00e4mpi\u00e4 asioita.[\/vc_column_text][vc_single_image image=&#8221;2197&#8243; img_size=&#8221;full&#8221;][\/vc_column][vc_column width=&#8221;1\/3&#8243;][vc_column_text]<\/p>\n<h1>Yrityssiivous<\/h1>\n<p>Yrityssiivouksemme on monipuolinen siivouspalvelu, joka on tarkoitettu erilaisten ty\u00f6- ja toimistotilojen siivoamiseen. Yrityssiivouksen tarkoituksena on pit\u00e4\u00e4 ty\u00f6paikat siistein\u00e4 ja turvallisina. Puhdas ty\u00f6ymp\u00e4rist\u00f6 tekee ty\u00f6ntekij\u00f6iden ty\u00f6skentelyst\u00e4 helpompaa ja mukavampaa.[\/vc_column_text][vc_tta_accordion][vc_tta_section title=&#8221;Mit\u00e4 yrityssiivoukseen sis\u00e4ltyy?&#8221; tab_id=&#8221;1647794727530-076a81e1-485b&#8221;][vc_column_text]Yrityssiivouspalvelume sis\u00e4lt\u00e4\u00e4 pintamateriaalien asianmukaisen puhdistuksen ja hoidon, kalusteiden, astioiden ja muiden liikuteltavien esineiden j\u00e4rjestelyn ja huollon, j\u00e4teastioiden tyhjennyksen, saniteettitarvikkeiden ja muiden annostelijoiden t\u00e4yt\u00f6n ja huollon. Yrityssiivous sis\u00e4lt\u00e4\u00e4 normaalisti my\u00f6s palveluntuotantoon tarvittavat pesuaineet, j\u00e4tes\u00e4kit sek\u00e4 kiinte\u00e4sti kohteessa s\u00e4ilytett\u00e4v\u00e4t siivousv\u00e4lineet.[\/vc_column_text][\/vc_tta_section][vc_tta_section title=&#8221;Valitse meid\u00e4t yrityssiivouskumppaniksi&#8221; tab_id=&#8221;1647794727531-32194963-670a&#8221;][vc_column_text]Tarjoamme asiakkaillemme tyytyv\u00e4isyystakuun: mik\u00e4li ty\u00f6mme j\u00e4lki ei vastaa odotuksia, teemme ilmaisen korjaussiivouksen 24 tunnin sis\u00e4\u00e4n saatuamme tiedon asiasta.[\/vc_column_text][\/vc_tta_section][\/vc_tta_accordion][\/vc_column][\/vc_row][vc_row full_width=&#8221;stretch_row_content&#8221; css=&#8221;.vc_custom_1648975958770{background-color: #eff4f4 !important;}&#8221;][vc_column][vc_column_text]<\/p>\n<h3 style=\"text-align: center;\"><strong>Tilaa siivouspalvelun heti!<\/strong><\/h3>\n<p>[\/vc_column_text][\/vc_column][\/vc_row][vc_row full_width=&#8221;stretch_row_content_no_spaces&#8221; equal_height=&#8221;yes&#8221; css=&#8221;.vc_custom_1622838298908{background-color: #3742ba !important;}&#8221;][vc_column width=&#8221;1\/3&#8243;][\/vc_column][vc_column width=&#8221;1\/3&#8243;][vc_btn title=&#8221;J\u00e4t\u00e4 tarjouspyynt\u00f6&#8221; style=&#8221;classic&#8221; color=&#8221;primary&#8221; size=&#8221;lg&#8221; align=&#8221;center&#8221; i_icon_fontawesome=&#8221;fas fa-arrow-circle-right&#8221; button_block=&#8221;true&#8221; add_icon=&#8221;true&#8221; custom_onclick=&#8221;true&#8221; link=&#8221;url:https%3A%2F%2Fwww.asanpalvelut.fi%2Ftarjouspyynto%2F|title:Checkout&#8221;][\/vc_column][vc_column width=&#8221;1\/3&#8243;][\/vc_column][\/vc_row]<\/p>\n","protected":false},"excerpt":{"rendered":"<p>[vc_row full_width=&#8221;stretch_row_content_no_spaces&#8221; full_height=&#8221;yes&#8221; equal_height=&#8221;yes&#8221; css=&#8221;.vc_custom_1622833699406{margin-top: -45px !important;margin-bottom: 0px !important;border-top-width: 0px !important;border-bottom-width: 0px !important;padding-top: 0px !important;padding-bottom: 0px !important;}&#8221;][vc_column][layerslider_vc id=&#8221;16&#8243;][\/vc_column][\/vc_row][vc_row full_width=&#8221;stretch_row_content&#8221; full_height=&#8221;yes&#8221;][vc_column width=&#8221;2\/3&#8243;][vc_progress_bar values=&#8221;%5B%7B%22label%22%3A%22Ty%C3%B6n%20saavutus%22%2C%22value%22%3A%22100%22%2C%22color%22%3A%22bar_green%22%7D%2C%7B%22label%22%3A%22Ty%C3%B6ntekij%C3%B6iden%20kehitt%C3%A4minen%22%2C%22value%22%3A%22100%22%2C%22color%22%3A%22bar_blue%22%7D%2C%7B%22label%22%3A%22Tyytyv%C3%A4isyystakuusi%22%2C%22value%22%3A%22100%22%2C%22color%22%3A%22pink%22%7D%5D&#8221; title=&#8221;Meid\u00e4n kanssa&#8221;][vc_column_text][\/vc_column_text][vc_column_text] Tiimimme auttaa sinua Asanpalvelut on erikoistuneet s\u00e4\u00e4nn\u00f6llisiin ja kertaluonteisiin siivouspalveluihin Suomessa. Ty\u00f6skentelemme ammattimaisten ja luotettavien siivoojien kanssa jatkuvan mielenrauhan takaamiseksi. Tiimimme on kokenut, eritt\u00e4in taitava ja tuottaa laadukasta ty\u00f6t\u00e4. Voit j\u00e4tt\u00e4\u00e4 [&hellip;]<\/p>\n","protected":false},"author":1,"featured_media":0,"parent":0,"menu_order":0,"comment_status":"closed","ping_status":"closed","template":"","meta":{"kk_blocks_editor_width":"","_kiokenblocks_attr":"","_kiokenblocks_dimensions":"","spay_email":""},"yoast_head":"<!-- This site is optimized with the Yoast SEO plugin v16.2 - https:\/\/yoast.com\/wordpress\/plugins\/seo\/ -->\n<title>Yrityssiivous - Asanpalvelut Oy<\/title>\n<meta name=\"robots\" content=\"index, follow, max-snippet:-1, max-image-preview:large, max-video-preview:-1\" \/>\n<link rel=\"canonical\" href=\"https:\/\/asanpalvelut.fi\/yrityssiivous\/\" \/>\n<meta property=\"og:locale\" content=\"fi_FI\" \/>\n<meta property=\"og:type\" content=\"article\" \/>\n<meta property=\"og:title\" content=\"Yrityssiivous - Asanpalvelut Oy\" \/>\n<meta property=\"og:description\" content=\"[vc_row full_width=&#8221;stretch_row_content_no_spaces&#8221; full_height=&#8221;yes&#8221; equal_height=&#8221;yes&#8221; css=&#8221;.vc_custom_1622833699406{margin-top: -45px !important;margin-bottom: 0px !important;border-top-width: 0px !important;border-bottom-width: 0px !important;padding-top: 0px !important;padding-bottom: 0px !important;}&#8221;][vc_column][layerslider_vc id=&#8221;16&#8243;][\/vc_column][\/vc_row][vc_row full_width=&#8221;stretch_row_content&#8221; full_height=&#8221;yes&#8221;][vc_column width=&#8221;2\/3&#8243;][vc_progress_bar values=&#8221;%5B%7B%22label%22%3A%22Ty%C3%B6n%20saavutus%22%2C%22value%22%3A%22100%22%2C%22color%22%3A%22bar_green%22%7D%2C%7B%22label%22%3A%22Ty%C3%B6ntekij%C3%B6iden%20kehitt%C3%A4minen%22%2C%22value%22%3A%22100%22%2C%22color%22%3A%22bar_blue%22%7D%2C%7B%22label%22%3A%22Tyytyv%C3%A4isyystakuusi%22%2C%22value%22%3A%22100%22%2C%22color%22%3A%22pink%22%7D%5D&#8221; title=&#8221;Meid\u00e4n kanssa&#8221;][vc_column_text][\/vc_column_text][vc_column_text] Tiimimme auttaa sinua Asanpalvelut on erikoistuneet s\u00e4\u00e4nn\u00f6llisiin ja kertaluonteisiin siivouspalveluihin Suomessa. Ty\u00f6skentelemme ammattimaisten ja luotettavien siivoojien kanssa jatkuvan mielenrauhan takaamiseksi. Tiimimme on kokenut, eritt\u00e4in taitava ja tuottaa laadukasta ty\u00f6t\u00e4. Voit j\u00e4tt\u00e4\u00e4 [&hellip;]\" \/>\n<meta property=\"og:url\" content=\"https:\/\/asanpalvelut.fi\/yrityssiivous\/\" \/>\n<meta property=\"og:site_name\" content=\"Asanpalvelut Oy\" \/>\n<meta property=\"article:modified_time\" content=\"2022-04-04T07:29:49+00:00\" \/>\n<meta name=\"twitter:card\" content=\"summary_large_image\" \/>\n<meta name=\"twitter:label1\" content=\"Arvioitu lukuaika\">\n\t<meta name=\"twitter:data1\" content=\"1 minuutti\">\n<script type=\"application\/ld+json\" class=\"yoast-schema-graph\">{\"@context\":\"https:\/\/schema.org\",\"@graph\":[{\"@type\":\"WebSite\",\"@id\":\"https:\/\/asanpalvelut.fi\/yrityssiivous\/#website\",\"url\":\"https:\/\/asanpalvelut.fi\/yrityssiivous\/\",\"name\":\"Asanpalvelut Oy\",\"description\":\"Laadukasta ja luotettavaa siivouspalvelua\",\"potentialAction\":[{\"@type\":\"SearchAction\",\"target\":\"https:\/\/asanpalvelut.fi\/yrityssiivous\/?s={search_term_string}\",\"query-input\":\"required name=search_term_string\"}],\"inLanguage\":\"fi\"},{\"@type\":\"WebPage\",\"@id\":\"https:\/\/asanpalvelut.fi\/yrityssiivous\/#webpage\",\"url\":\"https:\/\/asanpalvelut.fi\/yrityssiivous\/\",\"name\":\"Yrityssiivous - Asanpalvelut Oy\",\"isPartOf\":{\"@id\":\"https:\/\/asanpalvelut.fi\/yrityssiivous\/#website\"},\"datePublished\":\"2022-03-20T16:27:59+00:00\",\"dateModified\":\"2022-04-04T07:29:49+00:00\",\"breadcrumb\":{\"@id\":\"https:\/\/asanpalvelut.fi\/yrityssiivous\/#breadcrumb\"},\"inLanguage\":\"fi\",\"potentialAction\":[{\"@type\":\"ReadAction\",\"target\":[\"https:\/\/asanpalvelut.fi\/yrityssiivous\/\"]}]},{\"@type\":\"BreadcrumbList\",\"@id\":\"https:\/\/asanpalvelut.fi\/yrityssiivous\/#breadcrumb\",\"itemListElement\":[{\"@type\":\"ListItem\",\"position\":1,\"item\":{\"@type\":\"WebPage\",\"@id\":\"https:\/\/asanpalvelut.fi\/yrityssiivous\/\",\"url\":\"https:\/\/asanpalvelut.fi\/yrityssiivous\/\",\"name\":\"Home\"}},{\"@type\":\"ListItem\",\"position\":2,\"item\":{\"@id\":\"https:\/\/asanpalvelut.fi\/yrityssiivous\/#webpage\"}}]}]}<\/script>\n<!-- \/ Yoast SEO plugin. -->","jetpack-related-posts":[{"id":1091,"url":"https:\/\/asanpalvelut.fi\/yrityssiivous\/laadukasta-ja-luotettavaa-siivous-ja-muutospalvelua\/","url_meta":{"origin":2141,"position":0},"title":"Laadukasta ja luotettavaa siivous- ja muuttopalvelua","date":"14\/06\/2017","format":false,"excerpt":"[vc_row full_width=\"stretch_row_content_no_spaces\" el_class=\"block\" css=\".vc_custom_1624720398814{margin-top: -35px !important;margin-bottom: 0px !important;border-top-width: 0px !important;border-bottom-width: 0px !important;padding-top: 0px !important;padding-bottom: 0px !important;}\"][vc_column][\/vc_column][\/vc_row][vc_row full_width=\"stretch_row_content_no_spaces\" full_height=\"yes\" equal_height=\"yes\" video_bg=\"yes\" video_bg_url=\"https:\/\/youtu.be\/XkagRCnJyV8\" video_bg_parallax=\"content-moving\" el_class=\"block\" css=\".vc_custom_1624711362302{margin-top: -45px !important;margin-bottom: -35px !important;border-top-width: -35px !important;border-bottom-width: 0px !important;padding-top: 0px !important;padding-bottom: 0px !important;background-image: url(https:\/\/asanpalvelut.fi\/yrityssiivous\/wp-content\/uploads\/2021\/05\/f8414b62-4e33-4043-abb7-e7e003e9d0a7.jpg?id=1625) !important;}\"][vc_column][vc_empty_space][\/vc_column][\/vc_row][vc_row full_width=\"stretch_row_content_no_spaces\" css=\".vc_custom_1549514436617{background-image: url(https:\/\/asanpalvelut.fi\/yrityssiivous\/wp-content\/uploads\/2019\/02\/block-bg-1.jpg?id=1190) !important;}\" el_class=\"block\"][vc_column css=\".vc_custom_1548152065497{padding-top: 0px !important;}\"][\/vc_column][\/vc_row][vc_row el_class=\"block row-revert-xs\"][vc_column width=\"5\/12\" css=\".vc_custom_1549106317476{padding-top:\u2026","rel":"","context":"Samankaltainen artikkeli","img":{"alt_text":"","src":"","width":0,"height":0},"classes":[]},{"id":1302,"url":"https:\/\/asanpalvelut.fi\/yrityssiivous\/siivouspalvelut\/kotisiivous\/","url_meta":{"origin":2141,"position":1},"title":"Kotisiivous","date":"25\/04\/2021","format":false,"excerpt":"[vc_row full_width=\"stretch_row_content_no_spaces\" full_height=\"yes\" equal_height=\"yes\" css=\".vc_custom_1622833699406{margin-top: -45px !important;margin-bottom: 0px !important;border-top-width: 0px !important;border-bottom-width: 0px !important;padding-top: 0px !important;padding-bottom: 0px !important;}\"][vc_column][layerslider_vc id=\"11\"][\/vc_column][\/vc_row][vc_row][vc_column width=\"1\/2\"][vc_column_text]Asan palvelut ovat erikoistuneet s\u00e4\u00e4nn\u00f6llisiin ja kertaluonteisiin kotisiivouspalveluihin Suomessa. N\u00e4m\u00e4 palvelut ovat pakollisia liikkuville ihmisille. Ty\u00f6skentelemme ammattimaisten ja luotettavien siivoojien kanssa jatkuvan mielenrauhan takaamiseksi. Asan-palvelut toimivat kaikissa suurissa kaupungeissa Suomessa. Tarvitsetko siivoojan\u2026","rel":"","context":"Samankaltainen artikkeli","img":{"alt_text":"","src":"https:\/\/i1.wp.com\/asanpalvelut.fi\/yrityssiivous\/wp-content\/uploads\/2021\/06\/colorful-composition-with-mop-sponges-rags-gloves-detergents-general-cleaning-cleaning-service-concept-background_169016-10763-300x207.jpeg?resize=350%2C200&ssl=1","width":350,"height":200},"classes":[]},{"id":1304,"url":"https:\/\/asanpalvelut.fi\/yrityssiivous\/siivouspalvelut\/toimistosiivous\/","url_meta":{"origin":2141,"position":2},"title":"Toimistosiivous","date":"25\/04\/2021","format":false,"excerpt":"[vc_row full_width=\"stretch_row_content_no_spaces\" full_height=\"yes\" equal_height=\"yes\" css=\".vc_custom_1622833699406{margin-top: -45px !important;margin-bottom: 0px !important;border-top-width: 0px !important;border-bottom-width: 0px !important;padding-top: 0px !important;padding-bottom: 0px !important;}\"][vc_column][layerslider_vc id=\"13\"][\/vc_column][\/vc_row][vc_row][vc_column width=\"1\/2\"][vc_column_text]Toimistosiivous antaa hyv\u00e4n ensivaikutelman asiakkaillesi ja k\u00e4vij\u00f6illesi sek\u00e4 parantaa henkil\u00f6st\u00f6n fyysist\u00e4 ja henkist\u00e4 hyvinvointia. Allergeenien, p\u00f6lyn ja homeen v\u00e4hent\u00e4minen tekee tiimist\u00e4si terveemm\u00e4n ja tuottavamman. Ammattitaitoinen toimistosiivoushenkil\u00f6st\u00f6mme, jonka kokenut johtoryhm\u00e4mme on tarkastanut, kouluttanut\u2026","rel":"","context":"Samankaltainen artikkeli","img":{"alt_text":"","src":"https:\/\/i1.wp.com\/asanpalvelut.fi\/yrityssiivous\/wp-content\/uploads\/2021\/05\/14a14915-42cc-46d5-a4a9-0c3d0387ee44-1-300x169.jpg?resize=350%2C200&ssl=1","width":350,"height":200},"classes":[]},{"id":1318,"url":"https:\/\/asanpalvelut.fi\/yrityssiivous\/hotellisiivous\/","url_meta":{"origin":2141,"position":3},"title":"Hotellisiivous","date":"25\/04\/2021","format":false,"excerpt":"[vc_row full_width=\"stretch_row_content_no_spaces\" full_height=\"yes\" equal_height=\"yes\" css=\".vc_custom_1622833699406{margin-top: -45px !important;margin-bottom: 0px !important;border-top-width: 0px !important;border-bottom-width: 0px !important;padding-top: 0px !important;padding-bottom: 0px !important;}\"][vc_column][layerslider_vc id=\"14\"][\/vc_column][\/vc_row][vc_row][vc_column width=\"1\/2\"][vc_column_text]Jos tarvitset hotellille erityisen siivousryhm\u00e4n, Asan Siivous on sinua varten. Tied\u00e4mme, ett\u00e4 vieraanvaraisuusyrityksen hoitaminen voi olla vaikeaa. Sinun on t\u00e4rke\u00e4\u00e4 yll\u00e4pit\u00e4\u00e4 hotellissasi erinomaista tasoa, ja se voi olla hyvin hankalaa pienen tiimin\u2026","rel":"","context":"Samankaltainen artikkeli","img":{"alt_text":"","src":"https:\/\/i0.wp.com\/asanpalvelut.fi\/yrityssiivous\/wp-content\/uploads\/2021\/07\/housekeeping-cleaningcart-300x174.jpeg?resize=350%2C200&ssl=1","width":350,"height":200},"classes":[]},{"id":1306,"url":"https:\/\/asanpalvelut.fi\/yrityssiivous\/ikkunanpesu\/","url_meta":{"origin":2141,"position":4},"title":"Ikkunanpesu","date":"25\/04\/2021","format":false,"excerpt":"[vc_row full_width=\"stretch_row_content_no_spaces\" full_height=\"yes\" equal_height=\"yes\" css=\".vc_custom_1622833699406{margin-top: -45px !important;margin-bottom: 0px !important;border-top-width: 0px !important;border-bottom-width: 0px !important;padding-top: 0px !important;padding-bottom: 0px !important;}\"][vc_column][layerslider_vc id=\"12\"][\/vc_column][\/vc_row][vc_row][vc_column width=\"1\/2\"][vc_column_text]Kristallinkirkkaat ikkunat monille ominaisuuksille Tarvitsetpa sitten kaupallista tai asuinrakennusten ikkunanpuhdistusta, meill\u00e4 on tietoa ja ty\u00f6kaluja, joiden avulla ikkunat n\u00e4ytt\u00e4v\u00e4t upouudelta. Palvelemme: Asunnonomistajat Vuokralaiset Vuokranantajat Kiinteist\u00f6v\u00e4litystoimisto Pienet ja suuret yritykset Sertifioiduilla ikkunanpesuaineilla on\u2026","rel":"","context":"Samankaltainen artikkeli","img":{"alt_text":"","src":"https:\/\/i2.wp.com\/asanpalvelut.fi\/yrityssiivous\/wp-content\/uploads\/2021\/06\/cdc-VRpjDw3WqqI-unsplash-300x200.jpg?resize=350%2C200&ssl=1","width":350,"height":200},"classes":[]},{"id":1314,"url":"https:\/\/asanpalvelut.fi\/yrityssiivous\/rakennus-ja-loppusiivous\/","url_meta":{"origin":2141,"position":5},"title":"Rakennus- ja loppusiivous","date":"25\/04\/2021","format":false,"excerpt":"[vc_row full_width=\"stretch_row_content_no_spaces\" full_height=\"yes\" equal_height=\"yes\" css=\".vc_custom_1622833699406{margin-top: -45px !important;margin-bottom: 0px !important;border-top-width: 0px !important;border-bottom-width: 0px !important;padding-top: 0px !important;padding-bottom: 0px !important;}\"][vc_column][layerslider_vc id=\"16\"][\/vc_column][\/vc_row][vc_row][vc_column width=\"1\/2\"][vc_column_text] Rakennussiivous & loppusiivous Tampere Asan palvelut ovat erikoistuneet s\u00e4\u00e4nn\u00f6llisiin ja kertaluonteisiin kotisiivouspalveluihin Suomessa. N\u00e4m\u00e4 palvelut ovat pakollisia liikkuville ihmisille. Ty\u00f6skentelemme ammattimaisten ja luotettavien siivoojien kanssa jatkuvan mielenrauhan takaamiseksi. Asan-palvelut toimivat kaikissa\u2026","rel":"","context":"Samankaltainen artikkeli","img":{"alt_text":"","src":"https:\/\/i1.wp.com\/asanpalvelut.fi\/yrityssiivous\/wp-content\/uploads\/2021\/06\/colorful-composition-with-mop-sponges-rags-gloves-detergents-general-cleaning-cleaning-service-concept-background_169016-10763-300x207.jpeg?resize=350%2C200&ssl=1","width":350,"height":200},"classes":[]}],"_links":{"self":[{"href":"https:\/\/asanpalvelut.fi\/yrityssiivous\/wp-json\/wp\/v2\/pages\/2141"}],"collection":[{"href":"https:\/\/asanpalvelut.fi\/yrityssiivous\/wp-json\/wp\/v2\/pages"}],"about":[{"href":"https:\/\/asanpalvelut.fi\/yrityssiivous\/wp-json\/wp\/v2\/types\/page"}],"author":[{"embeddable":true,"href":"https:\/\/asanpalvelut.fi\/yrityssiivous\/wp-json\/wp\/v2\/users\/1"}],"replies":[{"embeddable":true,"href":"https:\/\/asanpalvelut.fi\/yrityssiivous\/wp-json\/wp\/v2\/comments?post=2141"}],"version-history":[{"count":25,"href":"https:\/\/asanpalvelut.fi\/yrityssiivous\/wp-json\/wp\/v2\/pages\/2141\/revisions"}],"predecessor-version":[{"id":2199,"href":"https:\/\/asanpalvelut.fi\/yrityssiivous\/wp-json\/wp\/v2\/pages\/2141\/revisions\/2199"}],"wp:attachment":[{"href":"https:\/\/asanpalvelut.fi\/yrityssiivous\/wp-json\/wp\/v2\/media?parent=2141"}],"curies":[{"name":"wp","href":"https:\/\/api.w.org\/{rel}","templated":true}]}}